{"id":20449,"date":"2024-04-22T12:31:04","date_gmt":"2024-04-22T12:31:04","guid":{"rendered":"https:\/\/aimdoll.com\/product\/80-cm-tiny-short-young-flat-chested-love-doll\/"},"modified":"2024-05-15T08:23:00","modified_gmt":"2024-05-15T08:23:00","slug":"80-cm-tiny-short-young-flat-chested-love-doll","status":"publish","type":"product","link":"https:\/\/hubdoll.com\/nb\/product\/80-cm-liten-kort-ung-kjaerlighetsdukke-med-flat-bryst\/","title":{"rendered":"80 cm Tiny Short Young Flat Chested kj\u00e6rlighetsdukke"},"content":{"rendered":"<p>Den lille, unge og flatbrystede dukken er perfekt for folk som \u00f8nsker \u00e5 leve ut sine spr\u00f8este dr\u00f8mmer i en liten pakke. Denne lille Amazon-sexdukken vil garantert starte lidenskap og nytelse med sine virkelige funksjoner og like livsber\u00f8ring.<\/p>\n<p>Laget n\u00f8ye av v\u00e5re dyktige folk med god medisinsk silikon, er denne kj\u00e6rlighetsdukken 3 fot h\u00f8y. Den er lett \u00e5 b\u00e6re n\u00e5r den ikke er n\u00f8dvendig og kan gjemmes bort trygt. Den lille st\u00f8rrelsen lar deg ogs\u00e5 utf\u00f8re kule jobber som kanskje ikke er mulig med st\u00f8rre dukker.<\/p>\n<p>Denne lille sexdukken har ingen stor kiste og ser uskyldig, men morsom ut. Den er perfekt for folk som liker et leket\u00f8y som ser ungt ut. De sm\u00e5 detaljene som perfekt hudtekstur, milde ansiktstrekk og myke hender og f\u00f8tter gj\u00f8r at din private opplevelse f\u00f8les mer ekte.<\/p>\n<p>&nbsp;<\/p>\n\t\t<div data-elementor-type=\"section\" data-elementor-id=\"15956\" class=\"elementor elementor-15956\" data-elementor-post-type=\"elementor_library\">\n\t\t\t<div class=\"wd-negative-gap elementor-element elementor-element-e744d45 e-flex e-con-boxed e-con e-parent\" data-id=\"e744d45\" data-element_type=\"container\">\n\t\t\t\t\t<div class=\"e-con-inner\">\n\t\t<div class=\"wd-negative-gap elementor-element elementor-element-2abc4734 e-flex e-con-boxed e-con e-child\" data-id=\"2abc4734\" data-element_type=\"container\">\n\t\t\t\t\t<div class=\"e-con-inner\">\n\t\t<div class=\"wd-negative-gap elementor-element elementor-element-e4e90d0 e-flex e-con-boxed e-con e-child\" data-id=\"e4e90d0\" data-element_type=\"container\">\n\t\t\t\t\t<div class=\"e-con-inner\">\n\t\t\t\t<div class=\"elementor-element elementor-element-2191b1a4 elementor-cta--skin-cover elementor-animated-content elementor-bg-transform elementor-bg-transform-zoom-in elementor-widget elementor-widget-call-to-action\" data-id=\"2191b1a4\" data-element_type=\"widget\" data-widget_type=\"call-to-action.default\">\n\t\t\t\t<div class=\"elementor-widget-container\">\n\t\t\t\t\t<a class=\"elementor-cta\" href=\"https:\/\/hubdoll.com\/nb\/bilder-av-sexdukker\/\">\n\t\t\t\t\t<div class=\"elementor-cta__bg-wrapper\">\n\t\t\t\t<div class=\"elementor-cta__bg elementor-bg\" style=\"background-image: url(https:\/\/hubdoll.com\/wp-content\/uploads\/2024\/04\/redirect.jpg);\" role=\"img\" aria-label=\"omdirigere\"><\/div>\n\t\t\t\t<div class=\"elementor-cta__bg-overlay\"><\/div>\n\t\t\t<\/div>\n\t\t\t\t\t\t\t<div class=\"elementor-cta__content\">\n\t\t\t\t\n\t\t\t\t\t\t\t\t\t<h2 class=\"elementor-cta__title elementor-cta__content-item elementor-content-item elementor-animated-item--grow\">\n\t\t\t\t\t\t2500+ sm\u00e5 mini-sexdukker <\/br>sexdollxxx .com\t\t\t\t\t<\/h2>\n\t\t\t\t\n\t\t\t\t\t\t\t\t\t<div class=\"elementor-cta__description elementor-cta__content-item elementor-content-item elementor-animated-item--grow\">\n\t\t\t\t\t\t40 cm, 60 cm, 80 cm, 100 cm, 120 cm, 140 cm\t\t\t\t\t<\/div>\n\t\t\t\t\n\t\t\t\t\t\t\t\t\t<div class=\"elementor-cta__button-wrapper elementor-cta__content-item elementor-content-item elementor-animated-item--grow\">\n\t\t\t\t\t<span class=\"elementor-cta__button elementor-button elementor-size-md\">\n\t\t\t\t\t\tHandle n\u00e5\t\t\t\t\t<\/span>\n\t\t\t\t\t<\/div>\n\t\t\t\t\t\t\t<\/div>\n\t\t\t\t\t\t<\/a>\n\t\t\t\t<\/div>\n\t\t\t\t<\/div>\n\t\t\t\t\t<\/div>\n\t\t\t\t<\/div>\n\t\t\t\t\t<\/div>\n\t\t\t\t<\/div>\n\t\t\t\t\t<\/div>\n\t\t\t\t<\/div>\n\t\t\t\t<\/div>","protected":false},"excerpt":{"rendered":"<div data-elementor-type=\"section\" data-elementor-id=\"15952\" class=\"elementor elementor-15952\" data-elementor-post-type=\"elementor_library\">\n<div class=\"wd-negative-gap elementor-element elementor-element-49f97e26 e-flex e-con-boxed e-con e-parent\" data-id=\"49f97e26\" data-element_type=\"container\">\n<div class=\"e-con-inner\">\n<div class=\"wd-negative-gap elementor-element elementor-element-449b9556 e-flex e-con-boxed e-con e-child\" data-id=\"449b9556\" data-element_type=\"container\">\n<div class=\"e-con-inner\">\n<div class=\"elementor-element elementor-element-613a7c10 elementor-cta--skin-cover elementor-animated-content elementor-bg-transform elementor-bg-transform-zoom-in elementor-widget elementor-widget-call-to-action\" data-id=\"613a7c10\" data-element_type=\"widget\" data-widget_type=\"call-to-action.default\">\n<div class=\"elementor-widget-container\">\n\t\t\t<link rel=\"stylesheet\" href=\"https:\/\/hubdoll.com\/wp-content\/uploads\/elementor\/css\/custom-pro-widget-call-to-action.min.css?ver=1716108136\">\t\t<a class=\"elementor-cta\" href=\"https:\/\/hubdoll.com\/nb\/bilder-av-sexdukker\/\"><\/p>\n<div class=\"elementor-cta__bg-wrapper\">\n<div class=\"elementor-cta__bg elementor-bg\" style=\"background-image: url(https:\/\/hubdoll.com\/wp-content\/uploads\/2024\/04\/redirect-1.jpg);\" role=\"img\" aria-label=\"redirect.jpg\"><\/div>\n<div class=\"elementor-cta__bg-overlay\"><\/div>\n<\/p><\/div>\n<div class=\"elementor-cta__content\">\n<h2 class=\"elementor-cta__title elementor-cta__content-item elementor-content-item elementor-animated-item--grow\">\n\t\t\t\t\t\t2500+ sm\u00e5 mini-sexdukker <\/br>sexdollxxx .com\t\t\t\t\t<\/h2>\n<div class=\"elementor-cta__description elementor-cta__content-item elementor-content-item elementor-animated-item--grow\">\n\t\t\t\t\t\t40 cm, 60 cm, 80 cm, 100 cm, 120 cm, 140 cm\t\t\t\t\t<\/div>\n<div class=\"elementor-cta__button-wrapper elementor-cta__content-item elementor-content-item elementor-animated-item--grow\">\n\t\t\t\t\t<span class=\"elementor-cta__button elementor-button elementor-size-md\"><br \/>\n\t\t\t\t\t\tHandle n\u00e5\t\t\t\t\t<\/span>\n\t\t\t\t\t<\/div>\n<\/p><\/div>\n<p>\t\t\t\t\t\t<\/a>\n\t\t\t\t<\/div>\n<\/p><\/div>\n<\/p><\/div>\n<\/p><\/div>\n<\/p><\/div>\n<\/p><\/div>\n<\/p><\/div>","protected":false},"featured_media":15950,"comment_status":"closed","ping_status":"closed","template":"","meta":[],"product_cat":[769,794,788],"product_tag":[],"aioseo_notices":[],"_links":{"self":[{"href":"https:\/\/hubdoll.com\/nb\/wp-json\/wp\/v2\/product\/20449"}],"collection":[{"href":"https:\/\/hubdoll.com\/nb\/wp-json\/wp\/v2\/product"}],"about":[{"href":"https:\/\/hubdoll.com\/nb\/wp-json\/wp\/v2\/types\/product"}],"replies":[{"embeddable":true,"href":"https:\/\/hubdoll.com\/nb\/wp-json\/wp\/v2\/comments?post=20449"}],"version-history":[{"count":1,"href":"https:\/\/hubdoll.com\/nb\/wp-json\/wp\/v2\/product\/20449\/revisions"}],"predecessor-version":[{"id":20450,"href":"https:\/\/hubdoll.com\/nb\/wp-json\/wp\/v2\/product\/20449\/revisions\/20450"}],"wp:featuredmedia":[{"embeddable":true,"href":"https:\/\/hubdoll.com\/nb\/wp-json\/wp\/v2\/media\/15950"}],"wp:attachment":[{"href":"https:\/\/hubdoll.com\/nb\/wp-json\/wp\/v2\/media?parent=20449"}],"wp:term":[{"taxonomy":"product_cat","embeddable":true,"href":"https:\/\/hubdoll.com\/nb\/wp-json\/wp\/v2\/product_cat?post=20449"},{"taxonomy":"product_tag","embeddable":true,"href":"https:\/\/hubdoll.com\/nb\/wp-json\/wp\/v2\/product_tag?post=20449"}],"curies":[{"name":"wp","href":"https:\/\/api.w.org\/{rel}","templated":true}]}}