{"id":20795,"date":"2024-04-22T12:31:40","date_gmt":"2024-04-22T12:31:40","guid":{"rendered":"https:\/\/aimdoll.com\/product\/gay-teen-fucks-sex-doll-with-small-penis\/"},"modified":"2024-05-06T08:26:37","modified_gmt":"2024-05-06T08:26:37","slug":"gay-teen-fucks-sex-doll-with-small-penis","status":"publish","type":"product","link":"https:\/\/hubdoll.com\/nb\/product\/homofil-tenaring-knuller-sexdukke-med-liten-penis\/","title":{"rendered":"Gay Teen knuller sexdukke med liten penis"},"content":{"rendered":"<p>Hvis en ten\u00e5ringsjente later til \u00e5 v\u00e6re sexdukkeporno, kan hun ikke f\u00f8lge med. En realistisk mini sexdukke med flat bryst kan g\u00e5 p\u00e5 runder med sex uten \u00e5 bli sliten. Dessuten s\u00f8ker liten brystkj\u00e6rlighetsdukke ikke seksuell tilfredsstillelse, alt handler om deg.<\/p>\n<p>&nbsp;<\/p>\n<p>Navnet p\u00e5 mini-sexdukken avhenger av hva du vil kalle den lille hentai-sexdukken din. Eksklusiviteten til sexdukke med liten penis er ekte. Ingen grunn til \u00e5 bli redd for infeksjoner, juks eller deling.<\/p>\n<p>&nbsp;<\/p>\n<p>\u00c5 knulle en liten sexdukke er \u00e5 \u00f8ve p\u00e5 \u00e5 elske deg selv, gi den utgivelsen du \u00f8nsker. Den flate brystet ten\u00e5ringssex dukke lille unge serien gir plass for menn i alle aldre \u00e5 velge. N\u00e5r en homofil ten\u00e5ring knuller sexdukke, er det mye \u00e5 tjene p\u00e5. Sex med wm dukke 140cm kan ikke g\u00e5 galt da det er videoer som finnes for \u00e5 sette deg gjennom.<\/p>\n<p>&nbsp;<\/p>\n\t\t<div data-elementor-type=\"section\" data-elementor-id=\"15956\" class=\"elementor elementor-15956\" data-elementor-post-type=\"elementor_library\">\n\t\t\t<div class=\"wd-negative-gap elementor-element elementor-element-e744d45 e-flex e-con-boxed e-con e-parent\" data-id=\"e744d45\" data-element_type=\"container\">\n\t\t\t\t\t<div class=\"e-con-inner\">\n\t\t<div class=\"wd-negative-gap elementor-element elementor-element-2abc4734 e-flex e-con-boxed e-con e-child\" data-id=\"2abc4734\" data-element_type=\"container\">\n\t\t\t\t\t<div class=\"e-con-inner\">\n\t\t<div class=\"wd-negative-gap elementor-element elementor-element-e4e90d0 e-flex e-con-boxed e-con e-child\" data-id=\"e4e90d0\" data-element_type=\"container\">\n\t\t\t\t\t<div class=\"e-con-inner\">\n\t\t\t\t<div class=\"elementor-element elementor-element-2191b1a4 elementor-cta--skin-cover elementor-animated-content elementor-bg-transform elementor-bg-transform-zoom-in elementor-widget elementor-widget-call-to-action\" data-id=\"2191b1a4\" data-element_type=\"widget\" data-widget_type=\"call-to-action.default\">\n\t\t\t\t<div class=\"elementor-widget-container\">\n\t\t\t\t\t<a class=\"elementor-cta\" href=\"https:\/\/hubdoll.com\/nb\/bilder-av-sexdukker\/\">\n\t\t\t\t\t<div class=\"elementor-cta__bg-wrapper\">\n\t\t\t\t<div class=\"elementor-cta__bg elementor-bg\" style=\"background-image: url(https:\/\/hubdoll.com\/wp-content\/uploads\/2024\/04\/redirect.jpg);\" role=\"img\" aria-label=\"omdirigere\"><\/div>\n\t\t\t\t<div class=\"elementor-cta__bg-overlay\"><\/div>\n\t\t\t<\/div>\n\t\t\t\t\t\t\t<div class=\"elementor-cta__content\">\n\t\t\t\t\n\t\t\t\t\t\t\t\t\t<h2 class=\"elementor-cta__title elementor-cta__content-item elementor-content-item elementor-animated-item--grow\">\n\t\t\t\t\t\t2500+ sm\u00e5 mini-sexdukker <\/br>sexdollxxx .com\t\t\t\t\t<\/h2>\n\t\t\t\t\n\t\t\t\t\t\t\t\t\t<div class=\"elementor-cta__description elementor-cta__content-item elementor-content-item elementor-animated-item--grow\">\n\t\t\t\t\t\t40 cm, 60 cm, 80 cm, 100 cm, 120 cm, 140 cm\t\t\t\t\t<\/div>\n\t\t\t\t\n\t\t\t\t\t\t\t\t\t<div class=\"elementor-cta__button-wrapper elementor-cta__content-item elementor-content-item elementor-animated-item--grow\">\n\t\t\t\t\t<span class=\"elementor-cta__button elementor-button elementor-size-md\">\n\t\t\t\t\t\tHandle n\u00e5\t\t\t\t\t<\/span>\n\t\t\t\t\t<\/div>\n\t\t\t\t\t\t\t<\/div>\n\t\t\t\t\t\t<\/a>\n\t\t\t\t<\/div>\n\t\t\t\t<\/div>\n\t\t\t\t\t<\/div>\n\t\t\t\t<\/div>\n\t\t\t\t\t<\/div>\n\t\t\t\t<\/div>\n\t\t\t\t\t<\/div>\n\t\t\t\t<\/div>\n\t\t\t\t<\/div>","protected":false},"excerpt":{"rendered":"<div data-elementor-type=\"section\" data-elementor-id=\"15952\" class=\"elementor elementor-15952\" data-elementor-post-type=\"elementor_library\">\n<div class=\"wd-negative-gap elementor-element elementor-element-49f97e26 e-flex e-con-boxed e-con e-parent\" data-id=\"49f97e26\" data-element_type=\"container\">\n<div class=\"e-con-inner\">\n<div class=\"wd-negative-gap elementor-element elementor-element-449b9556 e-flex e-con-boxed e-con e-child\" data-id=\"449b9556\" data-element_type=\"container\">\n<div class=\"e-con-inner\">\n<div class=\"elementor-element elementor-element-613a7c10 elementor-cta--skin-cover elementor-animated-content elementor-bg-transform elementor-bg-transform-zoom-in elementor-widget elementor-widget-call-to-action\" data-id=\"613a7c10\" data-element_type=\"widget\" data-widget_type=\"call-to-action.default\">\n<div class=\"elementor-widget-container\">\n\t\t\t<link rel=\"stylesheet\" href=\"https:\/\/hubdoll.com\/wp-content\/uploads\/elementor\/css\/custom-pro-widget-call-to-action.min.css?ver=1716108136\">\t\t<a class=\"elementor-cta\" href=\"https:\/\/hubdoll.com\/nb\/bilder-av-sexdukker\/\"><\/p>\n<div class=\"elementor-cta__bg-wrapper\">\n<div class=\"elementor-cta__bg elementor-bg\" style=\"background-image: url(https:\/\/hubdoll.com\/wp-content\/uploads\/2024\/04\/redirect-1.jpg);\" role=\"img\" aria-label=\"redirect.jpg\"><\/div>\n<div class=\"elementor-cta__bg-overlay\"><\/div>\n<\/p><\/div>\n<div class=\"elementor-cta__content\">\n<h2 class=\"elementor-cta__title elementor-cta__content-item elementor-content-item elementor-animated-item--grow\">\n\t\t\t\t\t\t2500+ sm\u00e5 mini-sexdukker <\/br>sexdollxxx .com\t\t\t\t\t<\/h2>\n<div class=\"elementor-cta__description elementor-cta__content-item elementor-content-item elementor-animated-item--grow\">\n\t\t\t\t\t\t40 cm, 60 cm, 80 cm, 100 cm, 120 cm, 140 cm\t\t\t\t\t<\/div>\n<div class=\"elementor-cta__button-wrapper elementor-cta__content-item elementor-content-item elementor-animated-item--grow\">\n\t\t\t\t\t<span class=\"elementor-cta__button elementor-button elementor-size-md\"><br \/>\n\t\t\t\t\t\tHandle n\u00e5\t\t\t\t\t<\/span>\n\t\t\t\t\t<\/div>\n<\/p><\/div>\n<p>\t\t\t\t\t\t<\/a>\n\t\t\t\t<\/div>\n<\/p><\/div>\n<\/p><\/div>\n<\/p><\/div>\n<\/p><\/div>\n<\/p><\/div>\n<\/p><\/div>","protected":false},"featured_media":15950,"comment_status":"closed","ping_status":"closed","template":"","meta":[],"product_cat":[776,777,784],"product_tag":[],"aioseo_notices":[],"_links":{"self":[{"href":"https:\/\/hubdoll.com\/nb\/wp-json\/wp\/v2\/product\/20795"}],"collection":[{"href":"https:\/\/hubdoll.com\/nb\/wp-json\/wp\/v2\/product"}],"about":[{"href":"https:\/\/hubdoll.com\/nb\/wp-json\/wp\/v2\/types\/product"}],"replies":[{"embeddable":true,"href":"https:\/\/hubdoll.com\/nb\/wp-json\/wp\/v2\/comments?post=20795"}],"version-history":[{"count":1,"href":"https:\/\/hubdoll.com\/nb\/wp-json\/wp\/v2\/product\/20795\/revisions"}],"predecessor-version":[{"id":20796,"href":"https:\/\/hubdoll.com\/nb\/wp-json\/wp\/v2\/product\/20795\/revisions\/20796"}],"wp:featuredmedia":[{"embeddable":true,"href":"https:\/\/hubdoll.com\/nb\/wp-json\/wp\/v2\/media\/15950"}],"wp:attachment":[{"href":"https:\/\/hubdoll.com\/nb\/wp-json\/wp\/v2\/media?parent=20795"}],"wp:term":[{"taxonomy":"product_cat","embeddable":true,"href":"https:\/\/hubdoll.com\/nb\/wp-json\/wp\/v2\/product_cat?post=20795"},{"taxonomy":"product_tag","embeddable":true,"href":"https:\/\/hubdoll.com\/nb\/wp-json\/wp\/v2\/product_tag?post=20795"}],"curies":[{"name":"wp","href":"https:\/\/api.w.org\/{rel}","templated":true}]}}