{"id":21057,"date":"2024-04-22T12:32:04","date_gmt":"2024-04-22T12:32:04","guid":{"rendered":"https:\/\/aimdoll.com\/product\/affordable-lucy-jean-tpe-teen-girls-sex-porn\/"},"modified":"2024-05-14T08:09:23","modified_gmt":"2024-05-14T08:09:23","slug":"affordable-lucy-jean-tpe-teen-girls-sex-porn","status":"publish","type":"product","link":"https:\/\/hubdoll.com\/nb\/product\/rimelig-lucy-jean-tpe-tenaringsjenter-sexporno\/","title":{"rendered":"Rimelig Lucy Jean Tpe Ten\u00e5ringsjenter Sex Porno"},"content":{"rendered":"<p>Den rimelige mini-sexdukken 80 cm dekker dine seksuelle behov p\u00e5 budsjettet ditt. \u00c5 se ten\u00e5ringsjenter knulle ekte dukke forteller deg at seksuell nytelse ikke er for noen f\u00e5 utvalgte. Lucy jean min lille sexdukke gratis hd kan fotograferes for ditt galleri. De realistiske sexdukkebildene tjener som minner til en fantastisk sex\u00f8kt.<\/p>\n<p>&nbsp;<\/p>\n<p>Mini-sex overkroppsdukken kommer med feminine trekk og \u00e5pninger. \u00c5 f\u00e5 mini-sexdukken med flat bryst setter fokus p\u00e5 rumpa hennes. For fotografier kan ten\u00e5ringssexdukkeposering v\u00e6re sexy. Med den ekte knulledukken med flat bryst er gratisfilmen min ten\u00e5ringssexdukkeporno en flott kombinasjon.<\/p>\n<p>&nbsp;<\/p>\n<p>Ten\u00e5rings-NN-sexdukkevideoen viser TPE-mini-sexdukken p\u00e5 68 cm flatt bryst som knuller i doggystyle, og gir en enkelt blowjob. Realistiske sexdukker klager aldri over hvor lenge en sex\u00f8kt varer.<\/p>\n<p>&nbsp;<\/p>\n<p>&nbsp;<\/p>\n\t\t<div data-elementor-type=\"section\" data-elementor-id=\"15956\" class=\"elementor elementor-15956\" data-elementor-post-type=\"elementor_library\">\n\t\t\t<div class=\"wd-negative-gap elementor-element elementor-element-e744d45 e-flex e-con-boxed e-con e-parent\" data-id=\"e744d45\" data-element_type=\"container\">\n\t\t\t\t\t<div class=\"e-con-inner\">\n\t\t<div class=\"wd-negative-gap elementor-element elementor-element-2abc4734 e-flex e-con-boxed e-con e-child\" data-id=\"2abc4734\" data-element_type=\"container\">\n\t\t\t\t\t<div class=\"e-con-inner\">\n\t\t<div class=\"wd-negative-gap elementor-element elementor-element-e4e90d0 e-flex e-con-boxed e-con e-child\" data-id=\"e4e90d0\" data-element_type=\"container\">\n\t\t\t\t\t<div class=\"e-con-inner\">\n\t\t\t\t<div class=\"elementor-element elementor-element-2191b1a4 elementor-cta--skin-cover elementor-animated-content elementor-bg-transform elementor-bg-transform-zoom-in elementor-widget elementor-widget-call-to-action\" data-id=\"2191b1a4\" data-element_type=\"widget\" data-widget_type=\"call-to-action.default\">\n\t\t\t\t<div class=\"elementor-widget-container\">\n\t\t\t\t\t<a class=\"elementor-cta\" href=\"https:\/\/hubdoll.com\/nb\/bilder-av-sexdukker\/\">\n\t\t\t\t\t<div class=\"elementor-cta__bg-wrapper\">\n\t\t\t\t<div class=\"elementor-cta__bg elementor-bg\" style=\"background-image: url(https:\/\/hubdoll.com\/wp-content\/uploads\/2024\/04\/redirect.jpg);\" role=\"img\" aria-label=\"omdirigere\"><\/div>\n\t\t\t\t<div class=\"elementor-cta__bg-overlay\"><\/div>\n\t\t\t<\/div>\n\t\t\t\t\t\t\t<div class=\"elementor-cta__content\">\n\t\t\t\t\n\t\t\t\t\t\t\t\t\t<h2 class=\"elementor-cta__title elementor-cta__content-item elementor-content-item elementor-animated-item--grow\">\n\t\t\t\t\t\t2500+ sm\u00e5 mini-sexdukker <\/br>sexdollxxx .com\t\t\t\t\t<\/h2>\n\t\t\t\t\n\t\t\t\t\t\t\t\t\t<div class=\"elementor-cta__description elementor-cta__content-item elementor-content-item elementor-animated-item--grow\">\n\t\t\t\t\t\t40 cm, 60 cm, 80 cm, 100 cm, 120 cm, 140 cm\t\t\t\t\t<\/div>\n\t\t\t\t\n\t\t\t\t\t\t\t\t\t<div class=\"elementor-cta__button-wrapper elementor-cta__content-item elementor-content-item elementor-animated-item--grow\">\n\t\t\t\t\t<span class=\"elementor-cta__button elementor-button elementor-size-md\">\n\t\t\t\t\t\tHandle n\u00e5\t\t\t\t\t<\/span>\n\t\t\t\t\t<\/div>\n\t\t\t\t\t\t\t<\/div>\n\t\t\t\t\t\t<\/a>\n\t\t\t\t<\/div>\n\t\t\t\t<\/div>\n\t\t\t\t\t<\/div>\n\t\t\t\t<\/div>\n\t\t\t\t\t<\/div>\n\t\t\t\t<\/div>\n\t\t\t\t\t<\/div>\n\t\t\t\t<\/div>\n\t\t\t\t<\/div>","protected":false},"excerpt":{"rendered":"<div data-elementor-type=\"section\" data-elementor-id=\"15952\" class=\"elementor elementor-15952\" data-elementor-post-type=\"elementor_library\">\n<div class=\"wd-negative-gap elementor-element elementor-element-49f97e26 e-flex e-con-boxed e-con e-parent\" data-id=\"49f97e26\" data-element_type=\"container\">\n<div class=\"e-con-inner\">\n<div class=\"wd-negative-gap elementor-element elementor-element-449b9556 e-flex e-con-boxed e-con e-child\" data-id=\"449b9556\" data-element_type=\"container\">\n<div class=\"e-con-inner\">\n<div class=\"elementor-element elementor-element-613a7c10 elementor-cta--skin-cover elementor-animated-content elementor-bg-transform elementor-bg-transform-zoom-in elementor-widget elementor-widget-call-to-action\" data-id=\"613a7c10\" data-element_type=\"widget\" data-widget_type=\"call-to-action.default\">\n<div class=\"elementor-widget-container\">\n\t\t\t<link rel=\"stylesheet\" href=\"https:\/\/hubdoll.com\/wp-content\/uploads\/elementor\/css\/custom-pro-widget-call-to-action.min.css?ver=1716108136\">\t\t<a class=\"elementor-cta\" href=\"https:\/\/hubdoll.com\/nb\/bilder-av-sexdukker\/\"><\/p>\n<div class=\"elementor-cta__bg-wrapper\">\n<div class=\"elementor-cta__bg elementor-bg\" style=\"background-image: url(https:\/\/hubdoll.com\/wp-content\/uploads\/2024\/04\/redirect-1.jpg);\" role=\"img\" aria-label=\"redirect.jpg\"><\/div>\n<div class=\"elementor-cta__bg-overlay\"><\/div>\n<\/p><\/div>\n<div class=\"elementor-cta__content\">\n<h2 class=\"elementor-cta__title elementor-cta__content-item elementor-content-item elementor-animated-item--grow\">\n\t\t\t\t\t\t2500+ sm\u00e5 mini-sexdukker <\/br>sexdollxxx .com\t\t\t\t\t<\/h2>\n<div class=\"elementor-cta__description elementor-cta__content-item elementor-content-item elementor-animated-item--grow\">\n\t\t\t\t\t\t40 cm, 60 cm, 80 cm, 100 cm, 120 cm, 140 cm\t\t\t\t\t<\/div>\n<div class=\"elementor-cta__button-wrapper elementor-cta__content-item elementor-content-item elementor-animated-item--grow\">\n\t\t\t\t\t<span class=\"elementor-cta__button elementor-button elementor-size-md\"><br \/>\n\t\t\t\t\t\tHandle n\u00e5\t\t\t\t\t<\/span>\n\t\t\t\t\t<\/div>\n<\/p><\/div>\n<p>\t\t\t\t\t\t<\/a>\n\t\t\t\t<\/div>\n<\/p><\/div>\n<\/p><\/div>\n<\/p><\/div>\n<\/p><\/div>\n<\/p><\/div>\n<\/p><\/div>","protected":false},"featured_media":15950,"comment_status":"closed","ping_status":"closed","template":"","meta":[],"product_cat":[797,770,802],"product_tag":[],"aioseo_notices":[],"_links":{"self":[{"href":"https:\/\/hubdoll.com\/nb\/wp-json\/wp\/v2\/product\/21057"}],"collection":[{"href":"https:\/\/hubdoll.com\/nb\/wp-json\/wp\/v2\/product"}],"about":[{"href":"https:\/\/hubdoll.com\/nb\/wp-json\/wp\/v2\/types\/product"}],"replies":[{"embeddable":true,"href":"https:\/\/hubdoll.com\/nb\/wp-json\/wp\/v2\/comments?post=21057"}],"version-history":[{"count":2,"href":"https:\/\/hubdoll.com\/nb\/wp-json\/wp\/v2\/product\/21057\/revisions"}],"predecessor-version":[{"id":21723,"href":"https:\/\/hubdoll.com\/nb\/wp-json\/wp\/v2\/product\/21057\/revisions\/21723"}],"wp:featuredmedia":[{"embeddable":true,"href":"https:\/\/hubdoll.com\/nb\/wp-json\/wp\/v2\/media\/15950"}],"wp:attachment":[{"href":"https:\/\/hubdoll.com\/nb\/wp-json\/wp\/v2\/media?parent=21057"}],"wp:term":[{"taxonomy":"product_cat","embeddable":true,"href":"https:\/\/hubdoll.com\/nb\/wp-json\/wp\/v2\/product_cat?post=21057"},{"taxonomy":"product_tag","embeddable":true,"href":"https:\/\/hubdoll.com\/nb\/wp-json\/wp\/v2\/product_tag?post=21057"}],"curies":[{"name":"wp","href":"https:\/\/api.w.org\/{rel}","templated":true}]}}